{"id":204,"date":"2019-04-15T14:15:18","date_gmt":"2019-04-15T14:15:18","guid":{"rendered":"https:\/\/inadahotel.com\/index.php\/our-rooms\/"},"modified":"2022-06-27T15:02:14","modified_gmt":"2022-06-27T15:02:14","slug":"our-rooms","status":"publish","type":"page","link":"https:\/\/inadahotel.com\/index.php\/our-rooms\/?lang=sq","title":{"rendered":"DHOMAT TONA"},"content":{"rendered":"<div class=\"wpb-content-wrapper\"><p>[vc_row][vc_column width=&#8221;1\/3&#8243; offset=&#8221;vc_hidden-sm vc_hidden-xs&#8221;][vc_single_image image=&#8221;476&#8243; img_size=&#8221;full&#8221; image_hovers=&#8221;false&#8221;][vc_custom_heading text=&#8221;Me Ballkon&#8221; font_container=&#8221;tag:h3|text_align:center&#8221; google_fonts=&#8221;font_family:Playfair%20Display%3Aregular%2Citalic%2C700%2C700italic%2C900%2C900italic|font_style:400%20regular%3A400%3Anormal&#8221; css=&#8221;.vc_custom_1555507840244{padding-top: 20px !important;background-color: #f4f4f4 !important;}&#8221;][vc_custom_heading text=&#8221;Pamje Fantastike&#8221; font_container=&#8221;tag:h3|text_align:center|color:%23a09367&#8243; google_fonts=&#8221;font_family:Playfair%20Display%3Aregular%2Citalic%2C700%2C700italic%2C900%2C900italic|font_style:700%20bold%20regular%3A700%3Anormal&#8221; css=&#8221;.vc_custom_1595338306964{margin-top: -20px !important;padding-bottom: 20px !important;background-color: #f4f4f4 !important;}&#8221;][\/vc_column][vc_column width=&#8221;2\/3&#8243; offset=&#8221;vc_hidden-sm vc_hidden-xs&#8221;][vc_empty_space][vc_custom_heading text=&#8221;Dhom\u00eb Dopio&#8221; google_fonts=&#8221;font_family:Playfair%20Display%3Aregular%2Citalic%2C700%2C700italic%2C900%2C900italic|font_style:400%20regular%3A400%3Anormal&#8221; css=&#8221;.vc_custom_1555507785282{padding-left: 50px !important;}&#8221;][vc_column_text css=&#8221;.vc_custom_1656342040901{padding-right: 200px !important;padding-left: 50px !important;}&#8221;]<\/p>\n<p style=\"font-family: 'Playfair Display', serif; font-size: 20px; text-align: justify;\">Kjo <a href=\"https:\/\/inadahotel.com\/index.php\/double-twin-room-with-balcony\/?lang=sq\"><strong>dhom\u00eb dopio<\/strong><\/a> p\u00ebrmban nj\u00eb <strong>krevat dopio<\/strong>, nj\u00eb <strong>ballkon<\/strong> dhe facilitete t\u00eb tjera. <strong><a href=\"https:\/\/inada.reservation.expert\/\">Inada Hotel<\/a><\/strong> n\u00eb <strong>Ksamil<\/strong>, i ofron turist\u00ebve dhoma t\u00eb mobiluara me kujdes, hapsir\u00eb dhe pamje relaksuese.<\/p>\n<p>[\/vc_column_text][vc_btn title=&#8221;DETAJE&#8221; style=&#8221;custom&#8221; custom_background=&#8221;#a09367&#8243; custom_text=&#8221;#ffffff&#8221; shape=&#8221;square&#8221; align=&#8221;left&#8221; css=&#8221;.vc_custom_1595338312938{padding-left: 50px !important;}&#8221; link=&#8221;url:%2Findex.php%2Fdouble-room-with-balcony%2F%3Flang%3Dsq|title:Dhom%C3%AB%20Dopio%20me%20Ballkon||&#8221;][vc_empty_space height=&#8221;12px&#8221;][vc_single_image image=&#8221;474&#8243; img_size=&#8221;full&#8221; style=&#8221;vc_box_outline&#8221; border_color=&#8221;white&#8221; image_hovers=&#8221;false&#8221; css=&#8221;.vc_custom_1562848691650{margin-left: -30px !important;}&#8221;][\/vc_column][\/vc_row][vc_row][vc_column width=&#8221;1\/3&#8243; offset=&#8221;vc_hidden-lg vc_hidden-md&#8221;][vc_single_image image=&#8221;476&#8243; img_size=&#8221;full&#8221; image_hovers=&#8221;false&#8221;][\/vc_column][vc_column width=&#8221;2\/3&#8243; offset=&#8221;vc_hidden-lg vc_hidden-md&#8221;][vc_empty_space][vc_custom_heading text=&#8221;Dhom\u00eb Dopio&#8221; font_container=&#8221;tag:h2|text_align:center&#8221; google_fonts=&#8221;font_family:Playfair%20Display%3Aregular%2Citalic%2C700%2C700italic%2C900%2C900italic|font_style:400%20regular%3A400%3Anormal&#8221;][vc_column_text css=&#8221;.vc_custom_1656342054206{padding-right: 200px !important;padding-left: 50px !important;}&#8221;]<\/p>\n<p style=\"font-family: 'Playfair Display', serif; font-size: 20px; text-align: center;\">Kjo <a href=\"https:\/\/inadahotel.com\/index.php\/double-twin-room-with-balcony\/?lang=sq\"><strong>dhom\u00eb dopio<\/strong><\/a> p\u00ebrmban nj\u00eb <strong>krevat dopio<\/strong>, nj\u00eb <strong>ballkon<\/strong> dhe facilitete t\u00eb tjera. <strong><a href=\"https:\/\/inada.reservation.expert\/\">Inada Hotel<\/a><\/strong> n\u00eb <strong>Ksamil<\/strong>, i ofron turist\u00ebve dhoma t\u00eb mobiluara me kujdes, hapsir\u00eb dhe pamje relaksuese.<\/p>\n<p>[\/vc_column_text][vc_btn title=&#8221;DETAJE&#8221; style=&#8221;custom&#8221; custom_background=&#8221;#a09367&#8243; custom_text=&#8221;#ffffff&#8221; shape=&#8221;square&#8221; align=&#8221;center&#8221; link=&#8221;url:%2Findex.php%2Fdouble-room-with-balcony%2F%3Flang%3Dsq|title:Dhom%C3%AB%20Dopio%20%2F%20Dyshe%20me%20Ballkon||&#8221;][vc_empty_space height=&#8221;12px&#8221;][vc_single_image image=&#8221;474&#8243; img_size=&#8221;full&#8221; alignment=&#8221;center&#8221; style=&#8221;vc_box_outline&#8221; border_color=&#8221;white&#8221; image_hovers=&#8221;false&#8221;][vc_custom_heading text=&#8221;Me Ballkon&#8221; font_container=&#8221;tag:h3|text_align:center&#8221; google_fonts=&#8221;font_family:Playfair%20Display%3Aregular%2Citalic%2C700%2C700italic%2C900%2C900italic|font_style:400%20regular%3A400%3Anormal&#8221; css=&#8221;.vc_custom_1555507894795{padding-top: 20px !important;background-color: #f4f4f4 !important;}&#8221;][vc_custom_heading text=&#8221;Pamje Fantastike&#8221; font_container=&#8221;tag:h3|text_align:center|color:%23a09367&#8243; google_fonts=&#8221;font_family:Playfair%20Display%3Aregular%2Citalic%2C700%2C700italic%2C900%2C900italic|font_style:700%20bold%20regular%3A700%3Anormal&#8221; css=&#8221;.vc_custom_1595338329202{margin-top: -20px !important;padding-bottom: 20px !important;background-color: #f4f4f4 !important;}&#8221;][\/vc_column][\/vc_row][vc_row][vc_column][vc_empty_space height=&#8221;62px&#8221;][\/vc_column][\/vc_row][vc_row][vc_column width=&#8221;2\/3&#8243; offset=&#8221;vc_hidden-sm vc_hidden-xs&#8221;][vc_empty_space][vc_custom_heading text=&#8221;Dhom\u00eb Familjare&#8221; font_container=&#8221;tag:h2|text_align:right&#8221; google_fonts=&#8221;font_family:Playfair%20Display%3Aregular%2Citalic%2C700%2C700italic%2C900%2C900italic|font_style:400%20regular%3A400%3Anormal&#8221; css=&#8221;.vc_custom_1555507915185{padding-right: 50px !important;}&#8221;][vc_column_text css=&#8221;.vc_custom_1656342082251{padding-right: 50px !important;padding-left: 200px !important;}&#8221;]<\/p>\n<p style=\"font-family: 'Playfair Display', serif; font-size: 20px; text-align: right;\"><strong>Dhoma familjare<\/strong> p\u00ebrmban nj\u00eb <strong>krevat dopio plus dy tek<\/strong>, nj\u00eb <strong>ballkon<\/strong> dhe facilitete t\u00eb tjera. <strong>Inada Hotel<\/strong> n\u00eb <strong>Ksamil<\/strong> i ofron turist\u00ebve dhoma t\u00eb mobiluara me kujdes, hapsir\u00eb dhe <strong>pamje relaksuese.<\/strong><\/p>\n<p>[\/vc_column_text][vc_btn title=&#8221;DETAJE&#8221; style=&#8221;custom&#8221; custom_background=&#8221;#a09367&#8243; custom_text=&#8221;#ffffff&#8221; shape=&#8221;square&#8221; align=&#8221;right&#8221; css=&#8221;.vc_custom_1595338415082{padding-right: 50px !important;}&#8221; link=&#8221;url:%2Findex.php%2Ffamily-room-with-balcony%2F%3Flang%3Dsq|title:Dhom%C3%AB%20Familjare%20me%20Ballkon||&#8221;][vc_empty_space height=&#8221;12px&#8221;][vc_single_image image=&#8221;480&#8243; img_size=&#8221;full&#8221; alignment=&#8221;right&#8221; style=&#8221;vc_box_border&#8221; border_color=&#8221;white&#8221; image_hovers=&#8221;false&#8221; css=&#8221;.vc_custom_1562848740392{margin-right: -30px !important;}&#8221;][\/vc_column][vc_column width=&#8221;1\/3&#8243; offset=&#8221;vc_hidden-sm vc_hidden-xs&#8221;][vc_single_image image=&#8221;478&#8243; img_size=&#8221;full&#8221; image_hovers=&#8221;false&#8221;][vc_custom_heading text=&#8221;Me Ballkon&#8221; font_container=&#8221;tag:h3|text_align:center&#8221; google_fonts=&#8221;font_family:Playfair%20Display%3Aregular%2Citalic%2C700%2C700italic%2C900%2C900italic|font_style:400%20regular%3A400%3Anormal&#8221; css=&#8221;.vc_custom_1555507924361{padding-top: 20px !important;background-color: #f4f4f4 !important;}&#8221;][vc_custom_heading text=&#8221;Pamje Fantastike&#8221; font_container=&#8221;tag:h3|text_align:center|color:%23a09367&#8243; google_fonts=&#8221;font_family:Playfair%20Display%3Aregular%2Citalic%2C700%2C700italic%2C900%2C900italic|font_style:700%20bold%20regular%3A700%3Anormal&#8221; css=&#8221;.vc_custom_1595338421663{margin-top: -20px !important;padding-bottom: 20px !important;background-color: #f4f4f4 !important;}&#8221;][\/vc_column][\/vc_row][vc_row][vc_column width=&#8221;2\/3&#8243; offset=&#8221;vc_hidden-lg vc_hidden-md&#8221;][vc_empty_space][vc_single_image image=&#8221;478&#8243; img_size=&#8221;full&#8221; image_hovers=&#8221;false&#8221;][vc_custom_heading text=&#8221;Dhom\u00eb Familjare&#8221; font_container=&#8221;tag:h2|text_align:center&#8221; google_fonts=&#8221;font_family:Playfair%20Display%3Aregular%2Citalic%2C700%2C700italic%2C900%2C900italic|font_style:400%20regular%3A400%3Anormal&#8221;][vc_column_text css=&#8221;.vc_custom_1656342093453{padding-right: 50px !important;padding-left: 200px !important;}&#8221;]<\/p>\n<p style=\"font-family: 'Playfair Display', serif; font-size: 20px; text-align: center;\"><strong>Dhoma familjare<\/strong> p\u00ebrmban nj\u00eb <strong>krevat dopio plus dy tek<\/strong>, nj\u00eb <strong>ballkon<\/strong> dhe facilitete t\u00eb tjera. <strong>Inada Hotel<\/strong> n\u00eb <strong>Ksamil<\/strong> i ofron turist\u00ebve dhoma t\u00eb mobiluara me kujdes, hapsir\u00eb dhe <strong>pamje relaksuese.<\/strong><\/p>\n<p>[\/vc_column_text][vc_btn title=&#8221;DETAJE&#8221; style=&#8221;custom&#8221; custom_background=&#8221;#a09367&#8243; custom_text=&#8221;#ffffff&#8221; shape=&#8221;square&#8221; align=&#8221;center&#8221; link=&#8221;url:%2Findex.php%2Ffamily-room-with-balcony%2F%3Flang%3Dsq|title:Dhom%C3%AB%20Familjare%20me%20Ballkon||&#8221;][vc_empty_space height=&#8221;12px&#8221;][vc_single_image image=&#8221;480&#8243; img_size=&#8221;full&#8221; alignment=&#8221;center&#8221; style=&#8221;vc_box_border&#8221; border_color=&#8221;white&#8221; image_hovers=&#8221;false&#8221;][\/vc_column][vc_column width=&#8221;1\/3&#8243; offset=&#8221;vc_hidden-lg vc_hidden-md&#8221;][vc_custom_heading text=&#8221;Me Ballkon&#8221; font_container=&#8221;tag:h3|text_align:center&#8221; google_fonts=&#8221;font_family:Playfair%20Display%3Aregular%2Citalic%2C700%2C700italic%2C900%2C900italic|font_style:400%20regular%3A400%3Anormal&#8221; css=&#8221;.vc_custom_1555508040353{padding-top: 20px !important;background-color: #f4f4f4 !important;}&#8221;][vc_custom_heading text=&#8221;Pamje Fantastike&#8221; font_container=&#8221;tag:h3|text_align:center|color:%23a09367&#8243; google_fonts=&#8221;font_family:Playfair%20Display%3Aregular%2Citalic%2C700%2C700italic%2C900%2C900italic|font_style:700%20bold%20regular%3A700%3Anormal&#8221; css=&#8221;.vc_custom_1595338433221{margin-top: -20px !important;padding-bottom: 20px !important;background-color: #f4f4f4 !important;}&#8221;][\/vc_column][\/vc_row][vc_row][vc_column][vc_empty_space height=&#8221;62px&#8221;][\/vc_column][\/vc_row][vc_row][vc_column width=&#8221;1\/3&#8243; offset=&#8221;vc_hidden-sm vc_hidden-xs&#8221;][vc_single_image image=&#8221;484&#8243; img_size=&#8221;full&#8221; image_hovers=&#8221;false&#8221;][vc_custom_heading text=&#8221;Me Ballkon&#8221; font_container=&#8221;tag:h3|text_align:center&#8221; google_fonts=&#8221;font_family:Playfair%20Display%3Aregular%2Citalic%2C700%2C700italic%2C900%2C900italic|font_style:400%20regular%3A400%3Anormal&#8221; css=&#8221;.vc_custom_1555508122914{padding-top: 20px !important;background-color: #f4f4f4 !important;}&#8221;][vc_custom_heading text=&#8221;Pamje fantastike&#8221; font_container=&#8221;tag:h3|text_align:center|color:%23a09367&#8243; google_fonts=&#8221;font_family:Playfair%20Display%3Aregular%2Citalic%2C700%2C700italic%2C900%2C900italic|font_style:700%20bold%20regular%3A700%3Anormal&#8221; css=&#8221;.vc_custom_1595338441389{margin-top: -20px !important;padding-bottom: 20px !important;background-color: #f4f4f4 !important;}&#8221;][\/vc_column][vc_column width=&#8221;2\/3&#8243; offset=&#8221;vc_hidden-sm vc_hidden-xs&#8221;][vc_empty_space][vc_custom_heading text=&#8221;Dhom\u00eb Dopio \/ Dyshe me Ballkon&#8221; google_fonts=&#8221;font_family:Playfair%20Display%3Aregular%2Citalic%2C700%2C700italic%2C900%2C900italic|font_style:400%20regular%3A400%3Anormal&#8221; css=&#8221;.vc_custom_1555508066322{padding-left: 50px !important;}&#8221;][vc_column_text css=&#8221;.vc_custom_1656342129916{padding-right: 200px !important;padding-left: 50px !important;}&#8221;]<\/p>\n<p style=\"font-family: 'Playfair Display', serif; font-size: 20px; text-align: justify;\">Kjo <strong>dhom\u00eb dopio<\/strong>\/<strong>dyshe<\/strong> p\u00ebrmban <strong>dy krevat tek<\/strong>, nj\u00eb <strong>ballkon<\/strong> dhe facilitete t\u00eb tjera. <strong>Inada Hotel<\/strong> n\u00eb <strong>Ksamil<\/strong> i ofron turist\u00ebve dhoma t\u00eb mobiluara me kujdes, hapsir\u00eb dhe <strong>pamje relaksuese<\/strong>.<\/p>\n<p>[\/vc_column_text][vc_btn title=&#8221;DETAJE&#8221; style=&#8221;custom&#8221; custom_background=&#8221;#a09367&#8243; custom_text=&#8221;#ffffff&#8221; shape=&#8221;square&#8221; align=&#8221;left&#8221; css=&#8221;.vc_custom_1595338446425{padding-left: 50px !important;}&#8221; link=&#8221;url:%2Findex.php%2Fdouble-twin-room-with-balcony%2F%3Flang%3Dsq|title:Dhom%C3%AB%20Dopio%20%2F%20Dyshe%20me%20Ballkon||&#8221;][vc_empty_space height=&#8221;12px&#8221;][vc_single_image image=&#8221;482&#8243; img_size=&#8221;full&#8221; style=&#8221;vc_box_border&#8221; border_color=&#8221;white&#8221; image_hovers=&#8221;false&#8221; css=&#8221;.vc_custom_1562848799724{margin-left: -30px !important;}&#8221; el_class=&#8221;img&#8221;][\/vc_column][\/vc_row][vc_row][vc_column width=&#8221;1\/3&#8243; offset=&#8221;vc_hidden-lg vc_hidden-md&#8221;][vc_single_image image=&#8221;484&#8243; img_size=&#8221;full&#8221; image_hovers=&#8221;false&#8221;][\/vc_column][vc_column width=&#8221;2\/3&#8243; offset=&#8221;vc_hidden-lg vc_hidden-md&#8221;][vc_empty_space][vc_custom_heading text=&#8221;Dhom\u00eb Dopio\/Dyshe&#8221; font_container=&#8221;tag:h2|text_align:center&#8221; google_fonts=&#8221;font_family:Playfair%20Display%3Aregular%2Citalic%2C700%2C700italic%2C900%2C900italic|font_style:400%20regular%3A400%3Anormal&#8221;][vc_column_text css=&#8221;.vc_custom_1656342138557{padding-right: 200px !important;padding-left: 50px !important;}&#8221;]<\/p>\n<p style=\"font-family: 'Playfair Display', serif; font-size: 20px; text-align: center;\">Kjo <strong>dhom\u00eb dopio<\/strong>\/<strong>dyshe<\/strong> p\u00ebrmban <strong>dy krevat tek<\/strong>, nj\u00eb <strong>ballkon<\/strong> dhe facilitete t\u00eb tjera. <strong>Inada Hotel<\/strong> n\u00eb <strong>Ksamil<\/strong> i ofron turist\u00ebve dhoma t\u00eb mobiluara me kujdes, hapsir\u00eb dhe <strong>pamje relaksuese<\/strong>.<\/p>\n<p>[\/vc_column_text][vc_btn title=&#8221;DETAJE&#8221; style=&#8221;custom&#8221; custom_background=&#8221;#a09367&#8243; custom_text=&#8221;#ffffff&#8221; shape=&#8221;square&#8221; align=&#8221;center&#8221; link=&#8221;url:%2Findex.php%2Fdouble-twin-room-with-balcony%2F%3Flang%3Dsq|title:Dhom%C3%AB%20Dopio%20%2F%20Dyshe%20me%20Ballkon||&#8221;][vc_empty_space height=&#8221;12px&#8221;][vc_single_image image=&#8221;482&#8243; img_size=&#8221;full&#8221; alignment=&#8221;center&#8221; style=&#8221;vc_box_border&#8221; border_color=&#8221;white&#8221; image_hovers=&#8221;false&#8221; el_class=&#8221;img&#8221;][vc_custom_heading text=&#8221;Me Ballkon&#8221; font_container=&#8221;tag:h3|text_align:center&#8221; google_fonts=&#8221;font_family:Playfair%20Display%3Aregular%2Citalic%2C700%2C700italic%2C900%2C900italic|font_style:400%20regular%3A400%3Anormal&#8221; css=&#8221;.vc_custom_1555508170381{padding-top: 20px !important;background-color: #f4f4f4 !important;}&#8221;][vc_custom_heading text=&#8221;Pamje Fantastike&#8221; font_container=&#8221;tag:h3|text_align:center|color:%23a09367&#8243; google_fonts=&#8221;font_family:Playfair%20Display%3Aregular%2Citalic%2C700%2C700italic%2C900%2C900italic|font_style:700%20bold%20regular%3A700%3Anormal&#8221; css=&#8221;.vc_custom_1595338463266{margin-top: -20px !important;padding-bottom: 20px !important;background-color: #f4f4f4 !important;}&#8221;][\/vc_column][\/vc_row]<\/p>\n<\/div>","protected":false},"excerpt":{"rendered":"<p>[vc_row][vc_column width=&#8221;1\/3&#8243; offset=&#8221;vc_hidden-sm vc_hidden-xs&#8221;][vc_single_image image=&#8221;476&#8243; img_size=&#8221;full&#8221; image_hovers=&#8221;false&#8221;][vc_custom_heading text=&#8221;Me Ballkon&#8221; font_container=&#8221;tag:h3|text_align:center&#8221; google_fonts=&#8221;font_family:Playfair%20Display%3Aregular%2Citalic%2C700%2C700italic%2C900%2C900italic|font_style:400%20regular%3A400%3Anormal&#8221; css=&#8221;.vc_custom_1555507840244{padding-top: 20px !important;background-color: #f4f4f4 !important;}&#8221;][vc_custom_heading text=&#8221;Pamje Fantastike&#8221; font_container=&#8221;tag:h3|text_align:center|color:%23a09367&#8243; google_fonts=&#8221;font_family:Playfair%20Display%3Aregular%2Citalic%2C700%2C700italic%2C900%2C900italic|font_style:700%20bold%20regular%3A700%3Anormal&#8221; css=&#8221;.vc_custom_1595338306964{margin-top: -20px !important;padding-bottom: 20px !important;background-color: #f4f4f4 !important;}&#8221;][\/vc_column][vc_column width=&#8221;2\/3&#8243; offset=&#8221;vc_hidden-sm vc_hidden-xs&#8221;][vc_empty_space][vc_custom_heading text=&#8221;Dhom\u00eb Dopio&#8221; google_fonts=&#8221;font_family:Playfair%20Display%3Aregular%2Citalic%2C700%2C700italic%2C900%2C900italic|font_style:400%20regular%3A400%3Anormal&#8221; css=&#8221;.vc_custom_1555507785282{padding-left: 50px !important;}&#8221;][vc_column_text css=&#8221;.vc_custom_1656342040901{padding-right: 200px !important;padding-left: 50px !important;}&#8221;] Kjo dhom\u00eb dopio p\u00ebrmban nj\u00eb krevat dopio, nj\u00eb ballkon dhe facilitete t\u00eb tjera. Inada&hellip;<\/p>\n","protected":false},"author":1,"featured_media":0,"parent":0,"menu_order":0,"comment_status":"closed","ping_status":"closed","template":"","meta":{"footnotes":""},"class_list":["post-204","page","type-page","status-publish","hentry","description-off"],"aioseo_notices":[],"_links":{"self":[{"href":"https:\/\/inadahotel.com\/index.php\/wp-json\/wp\/v2\/pages\/204","targetHints":{"allow":["GET"]}}],"collection":[{"href":"https:\/\/inadahotel.com\/index.php\/wp-json\/wp\/v2\/pages"}],"about":[{"href":"https:\/\/inadahotel.com\/index.php\/wp-json\/wp\/v2\/types\/page"}],"author":[{"embeddable":true,"href":"https:\/\/inadahotel.com\/index.php\/wp-json\/wp\/v2\/users\/1"}],"replies":[{"embeddable":true,"href":"https:\/\/inadahotel.com\/index.php\/wp-json\/wp\/v2\/comments?post=204"}],"version-history":[{"count":7,"href":"https:\/\/inadahotel.com\/index.php\/wp-json\/wp\/v2\/pages\/204\/revisions"}],"predecessor-version":[{"id":639,"href":"https:\/\/inadahotel.com\/index.php\/wp-json\/wp\/v2\/pages\/204\/revisions\/639"}],"wp:attachment":[{"href":"https:\/\/inadahotel.com\/index.php\/wp-json\/wp\/v2\/media?parent=204"}],"curies":[{"name":"wp","href":"https:\/\/api.w.org\/{rel}","templated":true}]}}